{"id":1418,"date":"2025-05-03T10:00:01","date_gmt":"2025-05-03T10:00:01","guid":{"rendered":"https:\/\/vydaocean.com\/acabados\/"},"modified":"2025-06-20T18:20:48","modified_gmt":"2025-06-20T18:20:48","slug":"acabados","status":"publish","type":"page","link":"https:\/\/vydaocean.com\/es\/acabados\/","title":{"rendered":"Acabados"},"content":{"rendered":"\t\t<div data-elementor-type=\"wp-page\" data-elementor-id=\"1418\" class=\"elementor elementor-1418 elementor-487\" data-elementor-post-type=\"page\">\n\t\t\t\t<div class=\"elementor-element elementor-element-a71fcae e-flex e-con-boxed e-con e-parent\" data-id=\"a71fcae\" data-element_type=\"container\" data-e-type=\"container\">\n\t\t\t\t\t<div class=\"e-con-inner\">\n\t\t<div class=\"elementor-element elementor-element-81e8f9c e-flex e-con-boxed e-con e-child\" data-id=\"81e8f9c\" data-element_type=\"container\" data-e-type=\"container\">\n\t\t\t\t\t<div class=\"e-con-inner\">\n\t\t<div class=\"elementor-element elementor-element-16d8fe6 e-flex e-con-boxed e-con e-child\" data-id=\"16d8fe6\" data-element_type=\"container\" data-e-type=\"container\">\n\t\t\t\t\t<div class=\"e-con-inner\">\n\t\t\t\t<div class=\"elementor-element elementor-element-1e29c71 elementor-widget elementor-widget-text-editor\" data-id=\"1e29c71\" data-element_type=\"widget\" data-e-type=\"widget\" data-widget_type=\"text-editor.default\">\n\t\t\t\t<div class=\"elementor-widget-container\">\n\t\t\t\t\t\t\t\t\t<h3><b>Acabados<\/b><\/h3>\t\t\t\t\t\t\t\t<\/div>\n\t\t\t\t<\/div>\n\t\t\t\t\t<\/div>\n\t\t\t\t<\/div>\n\t\t\t\t\t<\/div>\n\t\t\t\t<\/div>\n\t\t\t\t\t<\/div>\n\t\t\t\t<\/div>\n\t\t<div class=\"elementor-element elementor-element-45f369e e-con-full e-flex e-con e-parent\" data-id=\"45f369e\" data-element_type=\"container\" data-e-type=\"container\">\n\t\t<div class=\"elementor-element elementor-element-47442a2 e-con-full e-flex e-con e-child\" data-id=\"47442a2\" data-element_type=\"container\" data-e-type=\"container\">\n\t\t\t\t<div class=\"elementor-element elementor-element-96cfb52 elementor-widget elementor-widget-text-editor\" data-id=\"96cfb52\" data-element_type=\"widget\" data-e-type=\"widget\" data-widget_type=\"text-editor.default\">\n\t\t\t\t<div class=\"elementor-widget-container\">\n\t\t\t\t\t\t\t\t\t<p><strong>Paredes interiores<\/strong><\/p><ul><li>Placa de yeso pintada de blanco RAL 9010.<\/li><\/ul><p><strong>Suelos<\/strong><\/p><ul><li>Suelo vin\u00edlico de alta resistencia mec\u00e1nica en salones y dormitorios;<\/li><li>Gres porcel\u00e1nico \u00abEvolution White\u00bb rectificado de Margres en los ba\u00f1os;<\/li><li>Porcel\u00e1nico rectificado \u00abPrestige Calacatta\u00bb de Margres en las cocinas.<\/li><\/ul><p><strong>Puertas<\/strong><\/p><ul><li>Puerta de acceso a las fracciones de la serie \u00abDIERRE\u00bb tipo SPARTA\u00bb, acabada en aceite blanco;<\/li><li>Puertas interiores de MDF hidr\u00f3fugo con acabado lacado blanco RAL 9003.<\/li><\/ul><p><strong>Ba\u00f1os<\/strong><\/p><ul><li>Estuco pintado y paredes alicatadas en las zonas de ducha<\/li><li>Lavabos de pie \u00abValadares Bari<\/li><li>Platos colgantes \u00abSanitana Glam\u00bb, serie \u00abPop Art\u00bb en color blanco<\/li><li>Duchas \u00abRocas\u00bb serie \u00abSanitana\u00bb, en color blanco<\/li><li>Grifer\u00eda y sistemas de ducha \u00abHansgrohe\u00bb, acabado cromado<\/li><li>Armarios de MDF lacado en blanco con 1 \u00f3 2 cajones<\/li><\/ul><p><strong>Cocinas<\/strong><\/p><ul><li>Suelos porcel\u00e1nicos<\/li><li>Techo de cart\u00f3n-yeso hidr\u00f3fugo pintado de blanco<\/li><li>Encimera de Silestone blanco<\/li><li>Cocinas equipadas con electrodom\u00e9sticos:<ul><li>Frigor\u00edfico combinado y congelador integrado<\/li><li>Placa de inducci\u00f3n<\/li><li>Horno multifunci\u00f3n<\/li><li>Campana extractora con rejilla<\/li><li>Microondas integrado<\/li><li>Lavavajillas integrado<\/li><li>Armarios en blanco RAL 9003, tiradores ocultos<\/li><\/ul><\/li><\/ul><p><strong>Revestimiento exterior<\/strong><\/p><ul><li>Fachada de porcelana ventilada<\/li><li>Sistema de revestimiento de fachadas Capotto<\/li><\/ul><p><strong>Balcones \/ Terrazas<\/strong><\/p><ul><li>Gres porcel\u00e1nico \u00abDowtown Ligth Grey\u00bb de Gresart, rectificado<\/li><li>Barandilla met\u00e1lica negra para balc\u00f3n<\/li><\/ul><p><strong>Otros<\/strong><\/p><ul><li>Armarios empotrados lacados en blanco RAL 9003;<\/li><li>Puerta de seguridad en la entrada del piso;<\/li><li>Sistema de persiana enrollable de aluminio gris con rodillo motorizado con mando el\u00e9ctrico;<\/li><li>Sistema de aire acondicionado multisplit de expansi\u00f3n directa, compuesto por unidades interiores y exteriores;<\/li><li>Paneles fotovoltaicos;<\/li><li>Sistema de carga para movilidad el\u00e9ctrica;<\/li><li>Bomba de calor para el sistema de calentamiento de agua sanitaria.<\/li><\/ul>\t\t\t\t\t\t\t\t<\/div>\n\t\t\t\t<\/div>\n\t\t\t\t<\/div>\n\t\t\t\t<\/div>\n\t\t\t\t<\/div>\n\t\t","protected":false},"excerpt":{"rendered":"<p>Acabados Paredes interiores Placa de yeso pintada de blanco RAL 9010. Suelos Suelo vin\u00edlico de alta resistencia mec\u00e1nica en salones y dormitorios; Gres porcel\u00e1nico \u00abEvolution White\u00bb rectificado de Margres en los ba\u00f1os; Porcel\u00e1nico rectificado \u00abPrestige Calacatta\u00bb de Margres en las cocinas. Puertas Puerta de acceso a las fracciones de la serie \u00abDIERRE\u00bb tipo SPARTA\u00bb, acabada [&hellip;]<\/p>\n","protected":false},"author":3,"featured_media":0,"parent":0,"menu_order":0,"comment_status":"closed","ping_status":"closed","template":"elementor_header_footer","meta":{"footnotes":""},"class_list":["post-1418","page","type-page","status-publish","hentry"],"_links":{"self":[{"href":"https:\/\/vydaocean.com\/es\/wp-json\/wp\/v2\/pages\/1418","targetHints":{"allow":["GET"]}}],"collection":[{"href":"https:\/\/vydaocean.com\/es\/wp-json\/wp\/v2\/pages"}],"about":[{"href":"https:\/\/vydaocean.com\/es\/wp-json\/wp\/v2\/types\/page"}],"author":[{"embeddable":true,"href":"https:\/\/vydaocean.com\/es\/wp-json\/wp\/v2\/users\/3"}],"replies":[{"embeddable":true,"href":"https:\/\/vydaocean.com\/es\/wp-json\/wp\/v2\/comments?post=1418"}],"version-history":[{"count":5,"href":"https:\/\/vydaocean.com\/es\/wp-json\/wp\/v2\/pages\/1418\/revisions"}],"predecessor-version":[{"id":2806,"href":"https:\/\/vydaocean.com\/es\/wp-json\/wp\/v2\/pages\/1418\/revisions\/2806"}],"wp:attachment":[{"href":"https:\/\/vydaocean.com\/es\/wp-json\/wp\/v2\/media?parent=1418"}],"curies":[{"name":"wp","href":"https:\/\/api.w.org\/{rel}","templated":true}]}}