{"id":1438,"date":"2025-05-07T08:12:58","date_gmt":"2025-05-07T08:12:58","guid":{"rendered":"https:\/\/vydaocean.com\/politica-de-cookies\/"},"modified":"2025-05-07T11:19:11","modified_gmt":"2025-05-07T11:19:11","slug":"politica-de-cookies","status":"publish","type":"page","link":"https:\/\/vydaocean.com\/es\/politica-de-cookies\/","title":{"rendered":"Pol\u00edtica de cookies"},"content":{"rendered":"\t\t<div data-elementor-type=\"wp-page\" data-elementor-id=\"1438\" class=\"elementor elementor-1438 elementor-1033\" data-elementor-post-type=\"page\">\n\t\t\t\t<div class=\"elementor-element elementor-element-11f9aea e-con-full e-flex e-con e-parent\" data-id=\"11f9aea\" data-element_type=\"container\" data-e-type=\"container\">\n\t\t\t\t<div class=\"elementor-element elementor-element-7e0aa4c elementor-widget elementor-widget-text-editor\" data-id=\"7e0aa4c\" data-element_type=\"widget\" data-e-type=\"widget\" data-widget_type=\"text-editor.default\">\n\t\t\t\t<div class=\"elementor-widget-container\">\n\t\t\t\t\t\t\t\t\t<h2>\u00bfQu\u00e9 son las cookies?<\/h2><div class=\"page-content\"><p>En ingl\u00e9s, el t\u00e9rmino \u00abbiscuit\u00bb significa galleta, pero en el \u00e1mbito de la navegaci\u00f3n web, una \u00abcookie\u00bb es algo completamente distinto. Cuando accedes a nuestro sitio web, se almacena en el navegador de tu dispositivo un peque\u00f1o texto denominado \u00abcookie\u00bb. Este texto contiene diversos datos sobre tus h\u00e1bitos de navegaci\u00f3n, preferencias, personalizaci\u00f3n de contenidos, etc.  <\/p><p>Existen otras tecnolog\u00edas que funcionan de forma similar y que tambi\u00e9n se utilizan para recopilar datos sobre tu actividad de navegaci\u00f3n. Nos referiremos a todas estas tecnolog\u00edas como \u00abcookies\u00bb. <\/p><p>Nuestros usos espec\u00edficos de estas tecnolog\u00edas se describen en este documento.<\/p><h2>\u00bfPara qu\u00e9 se utilizan las cookies en este sitio web?<\/h2><p>Las cookies son una parte esencial del funcionamiento del sitio web. El objetivo principal de nuestras cookies es mejorar tu experiencia de navegaci\u00f3n. Por ejemplo, para recordar tus preferencias (idioma, pa\u00eds, etc.) durante la navegaci\u00f3n y en futuras visitas. La informaci\u00f3n recogida en las cookies tambi\u00e9n nos permite mejorar el sitio web, adaptarlo a tus intereses como usuario, agilizar las b\u00fasquedas que realizas, etc?   <\/p><p>En determinados casos, si hemos obtenido tu consentimiento previo e informado, podemos utilizar cookies para otros fines, como obtener informaci\u00f3n que nos permita ofrecerte publicidad basada en el an\u00e1lisis de tus h\u00e1bitos de navegaci\u00f3n.<\/p><h2>\u00bfPara qu\u00e9 NO se utilizan las cookies en este sitio web?<\/h2><p>Las cookies que utilizamos no almacenan ninguna informaci\u00f3n sensible de identificaci\u00f3n personal, como tu nombre, direcci\u00f3n, contrase\u00f1a, etc.<\/p><h2>\u00bfQui\u00e9n utiliza la informaci\u00f3n almacenada en las cookies?<\/h2><p>La informaci\u00f3n almacenada en las cookies de nuestro sitio web es utilizada exclusivamente por nosotros, a excepci\u00f3n de las identificadas a continuaci\u00f3n como \u00abcookies de terceros\u00bb, que son utilizadas y gestionadas por entidades externas que nos prestan servicios que mejoran la experiencia del usuario. Por ejemplo, las estad\u00edsticas recogidas sobre el n\u00famero de visitas, los contenidos m\u00e1s populares, etc. suelen ser gestionadas por Google Analytics. <\/p><h2>\u00bfC\u00f3mo puedes impedir el uso de cookies en este sitio web?<\/h2><p>Si prefieres evitar el uso de cookies, puedes RECHAZAR su uso o CONFIGURAR las que quieres evitar y las que autorizas a utilizar (en este documento te damos m\u00e1s informaci\u00f3n sobre cada tipo de cookie, su finalidad, destinatario, temporalidad, etc&#8230;.) ).<\/p><p>Si las has aceptado, no volveremos a ped\u00edrtelo a menos que borres las cookies de tu dispositivo, como se describe en la siguiente secci\u00f3n. Si deseas revocar tu consentimiento, tendr\u00e1s que borrar tus cookies y restablecerlas. <\/p><h2>\u00bfC\u00f3mo puedo desactivar y eliminar el uso de cookies?<\/h2><p>El Propietario muestra informaci\u00f3n sobre su Pol\u00edtica de Cookies en el men\u00fa de pie de p\u00e1gina y en el banner de cookies accesible en todas las p\u00e1ginas del Sitio Web. El banner de cookies muestra informaci\u00f3n esencial sobre el tratamiento de datos y permite al Usuario llevar a cabo las siguientes acciones: <\/p><ul><li>ACEPTAR o RECHAZAR la instalaci\u00f3n de cookies, o retirar el consentimiento previamente otorgado.<\/li><li>Para m\u00e1s informaci\u00f3n, consulta la p\u00e1gina <a href=\"https:\/\/vydaocean.com\/es\/politica-de-cookies\/\">Pol\u00edtica de cookies<\/a>.<\/li><\/ul><p>Para restringir, bloquear o eliminar las cookies de este sitio web (y las utilizadas por terceros), puedes hacerlo en cualquier momento modificando la configuraci\u00f3n de tu navegador. Ten en cuenta que estos ajustes son diferentes para cada navegador. <\/p><p>Los siguientes enlaces proporcionan instrucciones sobre c\u00f3mo activar o desactivar las cookies en los navegadores m\u00e1s comunes.<\/p><ul><li><a href=\"http:\/\/support.mozilla.org\/es\/kb\/habilitar-y-deshabilitar-cookies-que-los-sitios-we\" target=\"_blank\" rel=\"nofollow noopener\">Firefox<\/a><\/li><li><a href=\"https:\/\/support.google.com\/chrome\/answer\/95647?hl=es\" target=\"_blank\" rel=\"noopener noreferrer nofollow\">Google Chrome<\/a><\/li><li><a href=\"https:\/\/support.microsoft.com\/es-es\/help\/17442\/windows-internet-explorer-delete-manage-cookies#ie=%22ie-10\" target=\"_blank\" rel=\"noopener noreferrer nofollow\">Internet Explorer<\/a><\/li><li><a href=\"https:\/\/support.microsoft.com\/es-es\/help\/4468242\/microsoft-edge-browsing-data-and-privacy\" target=\"_blank\" rel=\"noopener noreferrer nofollow\">Microsoft Edge<\/a><\/li><li><a href=\"http:\/\/support.apple.com\/kb\/HT1677?viewlocale=es_ES\" target=\"_blank\" rel=\"nofollow noopener\">Safari<\/a><\/li><\/ul><h2>\u00bfQu\u00e9 tipos de cookies se utilizan en este sitio web?<\/h2><p>Cada sitio web utiliza sus propias cookies. En nuestro sitio web utilizamos lo siguiente:<\/p><p><b>SEG\u00daN LA ORGANIZACI\u00d3N QUE LO GESTIONE<\/b><\/p><p><b>Galletas propias:<\/b><\/p><p>Se env\u00edan al equipo terminal del usuario desde un ordenador o dominio gestionado por el propio editor y desde el que se presta el servicio solicitado por el usuario.<\/p><p><b>Cookies de terceros:<\/b><\/p><p>Son aqu\u00e9llas que se env\u00edan al equipo terminal del Usuario desde un equipo o dominio que no es gestionado por el editor, sino por otra entidad que trata los datos obtenidos trav\u00e9s de las cookies.<\/p><p>En el caso de que las cookies sean servidas desde un equipo o dominio gestionado por el propio editor, pero la informaci\u00f3n que se recoja mediante \u00e9stas sea gestionada por un tercero, no podr\u00e1n ser consideradas como cookies propias si el tercero las utiliza para sus propios fines (por ejemplo, para mejorar los servicios que presta o para facilitar servicios publicitarios a otras entidades).<\/p><p><b>SEG\u00daN SU PROP\u00d3SITO<\/b><\/p><p><b>Cookies t\u00e9cnicas:<\/b><\/p><p>Son aquellas necesarias para la navegaci\u00f3n y el buen funcionamiento de nuestro Sitio Web, como controlar el tr\u00e1fico y la comunicaci\u00f3n de datos, identificar la sesi\u00f3n, acceder a partes restringidas, realizar una solicitud de inscripci\u00f3n o de participaci\u00f3n en un evento, contabilizar las visitas a efectos de facturaci\u00f3n de las licencias de software con las que funciona el servicio del Sitio Web, utilizar elementos de seguridad durante la navegaci\u00f3n, almacenar contenidos para la difusi\u00f3n de v\u00eddeos o sonido, habilitar contenidos din\u00e1micos (por ejemplo, animar la carga de texto o im\u00e1genes) o compartir contenidos a trav\u00e9s de redes sociales.<\/p><p><b>Cookies de an\u00e1lisis:<\/b><\/p><p>Permiten cuantificar el n\u00famero de usuarios y as\u00ed medir y analizar estad\u00edsticamente c\u00f3mo utilizan los usuarios el sitio web.<\/p><p><b>Cookies de preferencia o personalizaci\u00f3n:<\/b><\/p><p>Son aqu\u00e9llas que permiten recordar informaci\u00f3n para que el Usuario acceda al servicio con determinadas caracter\u00edsticas que pueden diferenciar su experiencia de la de otros usuarios, como por ejemplo el idioma, el n\u00famero de resultados que se muestran cuando el Usuario realiza una b\u00fasqueda, la apariencia o contenido del servicio seg\u00fan el tipo de navegador a trav\u00e9s del cual accede el Usuario o la regi\u00f3n desde la que accede el Usuario, etc.<\/p><p><b>SEG\u00daN EL TIEMPO QUE PERMANEZCAN ACTIVADOS<\/b><\/p><p><b>Cookies de sesi\u00f3n:<\/b><\/p><p>Est\u00e1n dise\u00f1ados para recoger y almacenar datos mientras el usuario accede a una p\u00e1gina web.<\/p><p>Normalmente se utilizan para almacenar informaci\u00f3n que s\u00f3lo es relevante para la prestaci\u00f3n del servicio solicitado por el Usuario en una sola ocasi\u00f3n (por ejemplo, una lista de productos comprados) y desaparecen al final de la sesi\u00f3n.<\/p><p><b>Cookies persistentes:<\/b><\/p><p>Son cookies en las que los datos siguen almacenados en el terminal y pueden ser accedidos y tratados durante un periodo definido por el responsable de la cookie, y que puede ir de unos minutos a varios a\u00f1os. En este sentido, debe evaluarse espec\u00edficamente si es necesario el uso de cookies persistentes, ya que los riesgos para la privacidad podr\u00edan reducirse utilizando cookies de sesi\u00f3n. En cualquier caso, cuando se instalen cookies persistentes, se recomienda reducir su duraci\u00f3n temporal al m\u00ednimo necesario, teniendo en cuenta la finalidad de su uso. A tal efecto, el dictamen 4\/2012 del GT29 indic\u00f3 que para que una cookie est\u00e9 exenta del deber de consentimiento informado, su caducidad debe estar relacionada con su finalidad. En consecuencia, es mucho m\u00e1s probable que las cookies de sesi\u00f3n est\u00e9n exentas que las cookies persistentes.<\/p><p><b>Detalles de las cookies utilizadas en este sitio web:<\/b><\/p><div><ul><li style=\"list-style-type: none;\"><ul><li><strong>PHPSESSID<\/strong><br>Cookie generada por aplicaciones basadas en el lenguaje PHP. Se trata de un identificador de prop\u00f3sito general utilizado para mantener las variables de sesi\u00f3n del usuario. Suele ser un n\u00famero generado aleatoriamente. La forma en que se utiliza puede ser espec\u00edfica del sitio, pero un buen ejemplo es mantener el estado de inicio de sesi\u00f3n de un usuario entre p\u00e1ginas.<br>Categor\u00eda: Funcional.<br>Duraci\u00f3n: Sesiones.<br>Pol\u00edtica de privacidad: https: <a href=\"https:\/\/www.php.net\/privacy.php\">\/\/www.php.net\/privacy.php<\/a><\/li><\/ul><\/li><\/ul><ul><li style=\"list-style-type: none;\"><ul><li><strong>haConsentido<\/strong><\/li><\/ul><\/li><\/ul><ul><li style=\"list-style-type: none;\"><ul><li><strong>haConsentido<\/strong><\/li><\/ul><\/li><\/ul><ul><li style=\"list-style-type: none;\"><ul><li><strong>wordpress_test_cookie<\/strong><br>Cookie establecida por WordPress para comprobar si las cookies est\u00e1n habilitadas en el navegador con el fin de proporcionar una experiencia de usuario adecuada<br>Categor\u00eda: Funcional.<br>Duraci\u00f3n: sesi\u00f3n.<br>Pol\u00edtica de privacidad: <a href=\"https:\/\/portimuscity.com\/politica-de-cookies\/N\/A\">N\/A<\/a><\/li><\/ul><\/li><\/ul><ul><li style=\"list-style-type: none;\"><ul><li><strong>wp-wpml_current_admin_language_d41d8cd98f00b204e9800998ecf8427e<\/strong><\/li><\/ul><\/li><\/ul><ul><li><strong>wp-wpml_current_language<\/strong><br>Esta cookie se utiliza para rastrear la preferencia de idioma del usuario<br>Categor\u00eda: Funcional.<br>Duraci\u00f3n: sesi\u00f3n.<br>Pol\u00edtica de privacidad: <a href=\"https:\/\/portimuscity.com\/politica-de-cookies\/N\/A\">N\/A<\/a><\/li><\/ul><\/div><\/div>\t\t\t\t\t\t\t\t<\/div>\n\t\t\t\t<\/div>\n\t\t\t\t<\/div>\n\t\t\t\t<\/div>\n\t\t","protected":false},"excerpt":{"rendered":"<p>\u00bfQu\u00e9 son las cookies? En ingl\u00e9s, el t\u00e9rmino \u00abbiscuit\u00bb significa galleta, pero en el \u00e1mbito de la navegaci\u00f3n web, una \u00abcookie\u00bb es algo completamente distinto. Cuando accedes a nuestro sitio web, se almacena en el navegador de tu dispositivo un peque\u00f1o texto denominado \u00abcookie\u00bb. Este texto contiene diversos datos sobre tus h\u00e1bitos de navegaci\u00f3n, preferencias, [&hellip;]<\/p>\n","protected":false},"author":3,"featured_media":0,"parent":0,"menu_order":0,"comment_status":"closed","ping_status":"closed","template":"elementor_header_footer","meta":{"footnotes":""},"class_list":["post-1438","page","type-page","status-publish","hentry"],"_links":{"self":[{"href":"https:\/\/vydaocean.com\/es\/wp-json\/wp\/v2\/pages\/1438","targetHints":{"allow":["GET"]}}],"collection":[{"href":"https:\/\/vydaocean.com\/es\/wp-json\/wp\/v2\/pages"}],"about":[{"href":"https:\/\/vydaocean.com\/es\/wp-json\/wp\/v2\/types\/page"}],"author":[{"embeddable":true,"href":"https:\/\/vydaocean.com\/es\/wp-json\/wp\/v2\/users\/3"}],"replies":[{"embeddable":true,"href":"https:\/\/vydaocean.com\/es\/wp-json\/wp\/v2\/comments?post=1438"}],"version-history":[{"count":1,"href":"https:\/\/vydaocean.com\/es\/wp-json\/wp\/v2\/pages\/1438\/revisions"}],"predecessor-version":[{"id":1440,"href":"https:\/\/vydaocean.com\/es\/wp-json\/wp\/v2\/pages\/1438\/revisions\/1440"}],"wp:attachment":[{"href":"https:\/\/vydaocean.com\/es\/wp-json\/wp\/v2\/media?parent=1438"}],"curies":[{"name":"wp","href":"https:\/\/api.w.org\/{rel}","templated":true}]}}