{"id":454,"date":"2025-04-27T14:08:52","date_gmt":"2025-04-27T14:08:52","guid":{"rendered":"https:\/\/vydaocean.com\/inicio\/"},"modified":"2026-03-28T14:48:48","modified_gmt":"2026-03-28T14:48:48","slug":"inicio","status":"publish","type":"page","link":"https:\/\/vydaocean.com\/es\/","title":{"rendered":"Inicio"},"content":{"rendered":"\t\t<div data-elementor-type=\"wp-page\" data-elementor-id=\"454\" class=\"elementor elementor-454 elementor-12\" data-elementor-post-type=\"page\">\n\t\t\t\t<div class=\"elementor-element elementor-element-13e3010 e-con-full e-flex e-con e-parent\" data-id=\"13e3010\" data-element_type=\"container\" data-e-type=\"container\">\n\t\t\t\t<div class=\"elementor-element elementor-element-bd1d097 elementor-widget elementor-widget-video\" data-id=\"bd1d097\" data-element_type=\"widget\" data-e-type=\"widget\" data-settings=\"{&quot;video_type&quot;:&quot;hosted&quot;,&quot;autoplay&quot;:&quot;yes&quot;,&quot;loop&quot;:&quot;yes&quot;,&quot;play_on_mobile&quot;:&quot;yes&quot;,&quot;mute&quot;:&quot;yes&quot;,&quot;controls&quot;:&quot;yes&quot;}\" data-widget_type=\"video.default\">\n\t\t\t\t<div class=\"elementor-widget-container\">\n\t\t\t\t\t\t\t<div class=\"e-hosted-video elementor-wrapper elementor-open-inline\">\n\t\t\t\t\t<video class=\"elementor-video\" src=\"https:\/\/vydaocean.com\/wp-content\/uploads\/2026\/03\/Vyda-2026-03-12.mp4\" autoplay=\"\" loop=\"\" controls=\"\" muted=\"muted\" playsinline=\"\" controlsList=\"nodownload\"><\/video>\n\t\t\t\t<\/div>\n\t\t\t\t\t\t<\/div>\n\t\t\t\t<\/div>\n\t\t\t\t<\/div>\n\t\t<div class=\"elementor-element elementor-element-4dc5809 e-flex e-con-boxed e-con e-parent\" data-id=\"4dc5809\" data-element_type=\"container\" data-e-type=\"container\">\n\t\t\t\t\t<div class=\"e-con-inner\">\n\t\t\t\t<div class=\"elementor-element elementor-element-f459ae0 elementor-widget elementor-widget-spacer\" data-id=\"f459ae0\" data-element_type=\"widget\" data-e-type=\"widget\" data-widget_type=\"spacer.default\">\n\t\t\t\t<div class=\"elementor-widget-container\">\n\t\t\t\t\t\t\t<div class=\"elementor-spacer\">\n\t\t\t<div class=\"elementor-spacer-inner\"><\/div>\n\t\t<\/div>\n\t\t\t\t\t\t<\/div>\n\t\t\t\t<\/div>\n\t\t\t\t\t<\/div>\n\t\t\t\t<\/div>\n\t\t<div class=\"elementor-element elementor-element-c336d3f e-con-full e-flex e-con e-parent\" data-id=\"c336d3f\" data-element_type=\"container\" data-e-type=\"container\">\n\t\t\t\t<div class=\"elementor-element elementor-element-62e1e6d elementor-pagination-position-outside elementor-widget__width-inherit elementor--h-position-center elementor--v-position-middle elementor-arrows-position-inside elementor-widget elementor-widget-slides\" data-id=\"62e1e6d\" data-element_type=\"widget\" data-e-type=\"widget\" data-settings=\"{&quot;autoplay_speed&quot;:4000,&quot;navigation&quot;:&quot;both&quot;,&quot;autoplay&quot;:&quot;yes&quot;,&quot;pause_on_hover&quot;:&quot;yes&quot;,&quot;pause_on_interaction&quot;:&quot;yes&quot;,&quot;infinite&quot;:&quot;yes&quot;,&quot;transition&quot;:&quot;slide&quot;,&quot;transition_speed&quot;:500}\" data-widget_type=\"slides.default\">\n\t\t\t\t<div class=\"elementor-widget-container\">\n\t\t\t\t\t\t\t\t\t<div class=\"elementor-swiper\">\n\t\t\t\t\t<div class=\"elementor-slides-wrapper elementor-main-swiper swiper\" role=\"region\" aria-roledescription=\"carousel\" aria-label=\"Slides\" dir=\"ltr\" data-animation=\"\">\n\t\t\t\t<div class=\"swiper-wrapper elementor-slides\">\n\t\t\t\t\t\t\t\t\t\t<div class=\"elementor-repeater-item-629e555 swiper-slide\" role=\"group\" aria-roledescription=\"slide\"><div class=\"swiper-slide-bg\" role=\"img\" aria-label=\"13\"><\/div><a class=\"swiper-slide-inner\" href=\"https:\/\/vydaocean.com\/es\/proyecto-vyda-ocean-centrum-iii\/\"><div class=\"swiper-slide-contents\"><div class=\"elementor-slide-heading\">Vyda Ocean Centrum<\/div><div class=\"elementor-slide-description\"><p>Arma\u00e7\u00e3o de P\u00eara<\/p>\n<\/div><div  class=\"elementor-button elementor-slide-button elementor-size-sm\">M\u00e1s informaci\u00f3n<\/div><\/div><\/a><\/div><div class=\"elementor-repeater-item-1287f48 swiper-slide\" role=\"group\" aria-roledescription=\"slide\"><div class=\"swiper-slide-bg\" role=\"img\" aria-label=\"Vyda03\"><\/div><a class=\"swiper-slide-inner\" href=\"https:\/\/vydaocean.com\/es\/proyecto-vyda-ocean-centrum-iii\/\"><div class=\"swiper-slide-contents\"><div class=\"elementor-slide-heading\">Vyda Ocean Centrum III<\/div><div class=\"elementor-slide-description\"><p>30 pisos | 7 plantas<\/p>\n<\/div><div  class=\"elementor-button elementor-slide-button elementor-size-sm\">M\u00e1s informaci\u00f3n<\/div><\/div><\/a><\/div><div class=\"elementor-repeater-item-83c70ce swiper-slide\" role=\"group\" aria-roledescription=\"slide\"><div class=\"swiper-slide-bg\" role=\"img\" aria-label=\"Vyda07\"><\/div><a class=\"swiper-slide-inner\" href=\"https:\/\/vydaocean.com\/es\/proyecto-vyda-ocean-centrum-iv\/\"><div class=\"swiper-slide-contents\"><div class=\"elementor-slide-heading\">Vyda Ocean Centrum IV<\/div><div class=\"elementor-slide-description\"><p>39 pisos | 7 plantas<\/p>\n<\/div><div  class=\"elementor-button elementor-slide-button elementor-size-sm\">M\u00e1s informaci\u00f3n<\/div><\/div><\/a><\/div><div class=\"elementor-repeater-item-41c18f0 swiper-slide\" role=\"group\" aria-roledescription=\"slide\"><div class=\"swiper-slide-bg\" role=\"img\" aria-label=\"Vyda08\"><\/div><a class=\"swiper-slide-inner\" href=\"https:\/\/vydaocean.com\/es\/proyecto-vyda-ocean-centrum-iv\/\"><div class=\"swiper-slide-contents\"><div class=\"elementor-slide-heading\">Vyda Ocean Centrum<\/div><div class=\"elementor-slide-description\"><p>Cerca de la playa y del centro de la ciudad<\/p>\n<\/div><div  class=\"elementor-button elementor-slide-button elementor-size-sm\">M\u00e1s informaci\u00f3n<\/div><\/div><\/a><\/div>\t\t\t\t<\/div>\n\t\t\t\t\t\t\t\t\t\t\t\t\t\t\t<div class=\"elementor-swiper-button elementor-swiper-button-prev\" role=\"button\" tabindex=\"0\" aria-label=\"Diapositiva anterior\">\n\t\t\t\t\t\t\t<svg aria-hidden=\"true\" class=\"e-font-icon-svg e-eicon-chevron-left\" viewBox=\"0 0 1000 1000\" xmlns=\"http:\/\/www.w3.org\/2000\/svg\"><path d=\"M646 125C629 125 613 133 604 142L308 442C296 454 292 471 292 487 292 504 296 521 308 533L604 854C617 867 629 875 646 875 663 875 679 871 692 858 704 846 713 829 713 812 713 796 708 779 692 767L438 487 692 225C700 217 708 204 708 187 708 171 704 154 692 142 675 129 663 125 646 125Z\"><\/path><\/svg>\t\t\t\t\t\t<\/div>\n\t\t\t\t\t\t<div class=\"elementor-swiper-button elementor-swiper-button-next\" role=\"button\" tabindex=\"0\" aria-label=\"Diapositiva siguiente\">\n\t\t\t\t\t\t\t<svg aria-hidden=\"true\" class=\"e-font-icon-svg e-eicon-chevron-right\" viewBox=\"0 0 1000 1000\" xmlns=\"http:\/\/www.w3.org\/2000\/svg\"><path d=\"M696 533C708 521 713 504 713 487 713 471 708 454 696 446L400 146C388 133 375 125 354 125 338 125 325 129 313 142 300 154 292 171 292 187 292 204 296 221 308 233L563 492 304 771C292 783 288 800 288 817 288 833 296 850 308 863 321 871 338 875 354 875 371 875 388 867 400 854L696 533Z\"><\/path><\/svg>\t\t\t\t\t\t<\/div>\n\t\t\t\t\t\t\t\t\t\t\t\t\t\t\t\t<div class=\"swiper-pagination\"><\/div>\n\t\t\t\t\t\t\t\t\t\t\t\t<\/div>\n\t\t\t\t<\/div>\n\t\t\t\t\t\t\t\t<\/div>\n\t\t\t\t<\/div>\n\t\t\t\t<\/div>\n\t\t<div class=\"elementor-element elementor-element-97017d5 e-flex e-con-boxed e-con e-parent\" data-id=\"97017d5\" data-element_type=\"container\" data-e-type=\"container\">\n\t\t\t\t\t<div class=\"e-con-inner\">\n\t\t\t\t<div class=\"elementor-element elementor-element-2d4e3dc elementor-widget elementor-widget-text-editor\" data-id=\"2d4e3dc\" data-element_type=\"widget\" data-e-type=\"widget\" data-widget_type=\"text-editor.default\">\n\t\t\t\t<div class=\"elementor-widget-container\">\n\t\t\t\t\t\t\t\t\t<h5>Promoci\u00f3n inmobiliaria en Arma\u00e7\u00e3o de Pera con una ubicaci\u00f3n privilegiada, cerca de la playa y del centro de la ciudad.<\/h5><h5>El edificio Vyda Ocean Centrum III incluye:<\/h5><ul><li>30 pisos<\/li><li>7 plantas sobre rasante<\/li><li>30 aparcamientos<\/li><li>2 plantas de aparcamiento<\/li><\/ul><h5>El edificio Vyda Ocean Centrum IV incluye:<\/h5><ul><li>39 pisos<\/li><li>7 plantas sobre rasante<\/li><li>45 aparcamientos<\/li><li>2 plantas de aparcamiento<\/li><\/ul><p>Oportunidad de vivir u obtener ingresos en el Algarve. Su c\u00e9ntrica ubicaci\u00f3n permite acceder f\u00e1cilmente a una amplia gama de servicios, como supermercados, restaurantes, cafeter\u00edas y tiendas, todos ellos a poca distancia a pie. Adem\u00e1s, la proximidad a la playa permite disfrutar de d\u00edas soleados junto al mar, practicar deportes acu\u00e1ticos o simplemente relajarse en la arena.<\/p><p>Adem\u00e1s, su c\u00e9ntrica ubicaci\u00f3n facilita el acceso a otras ciudades y lugares de inter\u00e9s del Algarve, permiti\u00e9ndote explorar las bellezas de la regi\u00f3n con gran comodidad. En resumen, vivir en el centro de Arma\u00e7\u00e3o de Pera ofrece una calidad de vida excepcional, combinando confort, ocio y una fuerte conexi\u00f3n con la naturaleza<\/p>\t\t\t\t\t\t\t\t<\/div>\n\t\t\t\t<\/div>\n\t\t\t\t\t<\/div>\n\t\t\t\t<\/div>\n\t\t<div class=\"elementor-element elementor-element-751d62f e-con-full e-flex e-con e-parent\" data-id=\"751d62f\" data-element_type=\"container\" data-e-type=\"container\">\n\t\t\t\t<\/div>\n\t\t<div class=\"elementor-element elementor-element-1ccb2f6 e-flex e-con-boxed e-con e-parent\" data-id=\"1ccb2f6\" data-element_type=\"container\" data-e-type=\"container\">\n\t\t\t\t\t<div class=\"e-con-inner\">\n\t\t\t\t<div class=\"elementor-element elementor-element-df3ee31 elementor-widget elementor-widget-spacer\" data-id=\"df3ee31\" data-element_type=\"widget\" data-e-type=\"widget\" data-widget_type=\"spacer.default\">\n\t\t\t\t<div class=\"elementor-widget-container\">\n\t\t\t\t\t\t\t<div class=\"elementor-spacer\">\n\t\t\t<div class=\"elementor-spacer-inner\"><\/div>\n\t\t<\/div>\n\t\t\t\t\t\t<\/div>\n\t\t\t\t<\/div>\n\t\t\t\t\t<\/div>\n\t\t\t\t<\/div>\n\t\t<div class=\"elementor-element elementor-element-8639de3 e-con-full e-flex e-con e-parent\" data-id=\"8639de3\" data-element_type=\"container\" data-e-type=\"container\">\n\t\t\t\t<div class=\"elementor-element elementor-element-8060608 elementor-widget elementor-widget-gallery\" data-id=\"8060608\" data-element_type=\"widget\" data-e-type=\"widget\" data-settings=\"{&quot;columns&quot;:3,&quot;aspect_ratio&quot;:&quot;1:1&quot;,&quot;lazyload&quot;:&quot;yes&quot;,&quot;gallery_layout&quot;:&quot;grid&quot;,&quot;columns_tablet&quot;:2,&quot;columns_mobile&quot;:1,&quot;gap&quot;:{&quot;unit&quot;:&quot;px&quot;,&quot;size&quot;:10,&quot;sizes&quot;:[]},&quot;gap_tablet&quot;:{&quot;unit&quot;:&quot;px&quot;,&quot;size&quot;:10,&quot;sizes&quot;:[]},&quot;gap_mobile&quot;:{&quot;unit&quot;:&quot;px&quot;,&quot;size&quot;:10,&quot;sizes&quot;:[]},&quot;link_to&quot;:&quot;file&quot;,&quot;overlay_background&quot;:&quot;yes&quot;,&quot;content_hover_animation&quot;:&quot;fade-in&quot;}\" data-widget_type=\"gallery.default\">\n\t\t\t\t<div class=\"elementor-widget-container\">\n\t\t\t\t\t\t\t<div class=\"elementor-gallery__container\">\n\t\t\t\t\t\t\t<a class=\"e-gallery-item elementor-gallery-item elementor-animated-content\" href=\"https:\/\/vydaocean.com\/wp-content\/uploads\/2025\/06\/Vyda04.webp\" data-elementor-open-lightbox=\"yes\" data-elementor-lightbox-slideshow=\"8060608\" data-elementor-lightbox-title=\"Vyda04\" data-e-action-hash=\"#elementor-action%3Aaction%3Dlightbox%26settings%3DeyJpZCI6MjcyOCwidXJsIjoiaHR0cHM6XC9cL3Z5ZGFvY2Vhbi5jb21cL3dwLWNvbnRlbnRcL3VwbG9hZHNcLzIwMjVcLzA2XC9WeWRhMDQud2VicCIsInNsaWRlc2hvdyI6IjgwNjA2MDgifQ%3D%3D\">\n\t\t\t\t\t<div class=\"e-gallery-image elementor-gallery-item__image\" data-thumbnail=\"https:\/\/vydaocean.com\/wp-content\/uploads\/2025\/06\/Vyda04-1024x576.jpg\" data-width=\"800\" data-height=\"450\" aria-label=\"\" role=\"img\" ><\/div>\n\t\t\t\t\t\t\t\t\t\t\t<div class=\"elementor-gallery-item__overlay\"><\/div>\n\t\t\t\t\t\t\t\t\t\t\t\t\t\t<\/a>\n\t\t\t\t\t\t\t<a class=\"e-gallery-item elementor-gallery-item elementor-animated-content\" href=\"https:\/\/vydaocean.com\/wp-content\/uploads\/2025\/06\/Vyda06.webp\" data-elementor-open-lightbox=\"yes\" data-elementor-lightbox-slideshow=\"8060608\" data-elementor-lightbox-title=\"Vyda06\" data-e-action-hash=\"#elementor-action%3Aaction%3Dlightbox%26settings%3DeyJpZCI6MjczMSwidXJsIjoiaHR0cHM6XC9cL3Z5ZGFvY2Vhbi5jb21cL3dwLWNvbnRlbnRcL3VwbG9hZHNcLzIwMjVcLzA2XC9WeWRhMDYud2VicCIsInNsaWRlc2hvdyI6IjgwNjA2MDgifQ%3D%3D\">\n\t\t\t\t\t<div class=\"e-gallery-image elementor-gallery-item__image\" data-thumbnail=\"https:\/\/vydaocean.com\/wp-content\/uploads\/2025\/06\/Vyda06-1024x576.jpg\" data-width=\"800\" data-height=\"450\" aria-label=\"\" role=\"img\" ><\/div>\n\t\t\t\t\t\t\t\t\t\t\t<div class=\"elementor-gallery-item__overlay\"><\/div>\n\t\t\t\t\t\t\t\t\t\t\t\t\t\t<\/a>\n\t\t\t\t\t\t\t<a class=\"e-gallery-item elementor-gallery-item elementor-animated-content\" href=\"https:\/\/vydaocean.com\/wp-content\/uploads\/2025\/06\/Vyda11.webp\" data-elementor-open-lightbox=\"yes\" data-elementor-lightbox-slideshow=\"8060608\" data-elementor-lightbox-title=\"Vyda11\" data-e-action-hash=\"#elementor-action%3Aaction%3Dlightbox%26settings%3DeyJpZCI6Mjc0OSwidXJsIjoiaHR0cHM6XC9cL3Z5ZGFvY2Vhbi5jb21cL3dwLWNvbnRlbnRcL3VwbG9hZHNcLzIwMjVcLzA2XC9WeWRhMTEud2VicCIsInNsaWRlc2hvdyI6IjgwNjA2MDgifQ%3D%3D\">\n\t\t\t\t\t<div class=\"e-gallery-image elementor-gallery-item__image\" data-thumbnail=\"https:\/\/vydaocean.com\/wp-content\/uploads\/2025\/06\/Vyda11-1024x576.jpg\" data-width=\"800\" data-height=\"450\" aria-label=\"\" role=\"img\" ><\/div>\n\t\t\t\t\t\t\t\t\t\t\t<div class=\"elementor-gallery-item__overlay\"><\/div>\n\t\t\t\t\t\t\t\t\t\t\t\t\t\t<\/a>\n\t\t\t\t\t\t\t<a class=\"e-gallery-item elementor-gallery-item elementor-animated-content\" href=\"https:\/\/vydaocean.com\/wp-content\/uploads\/2025\/06\/13.webp\" data-elementor-open-lightbox=\"yes\" data-elementor-lightbox-slideshow=\"8060608\" data-elementor-lightbox-title=\"13\" data-e-action-hash=\"#elementor-action%3Aaction%3Dlightbox%26settings%3DeyJpZCI6Mjc5NiwidXJsIjoiaHR0cHM6XC9cL3Z5ZGFvY2Vhbi5jb21cL3dwLWNvbnRlbnRcL3VwbG9hZHNcLzIwMjVcLzA2XC8xMy53ZWJwIiwic2xpZGVzaG93IjoiODA2MDYwOCJ9\">\n\t\t\t\t\t<div class=\"e-gallery-image elementor-gallery-item__image\" data-thumbnail=\"https:\/\/vydaocean.com\/wp-content\/uploads\/2025\/06\/13-1024x576.jpg\" data-width=\"800\" data-height=\"450\" aria-label=\"\" role=\"img\" ><\/div>\n\t\t\t\t\t\t\t\t\t\t\t<div class=\"elementor-gallery-item__overlay\"><\/div>\n\t\t\t\t\t\t\t\t\t\t\t\t\t\t<\/a>\n\t\t\t\t\t\t\t<a class=\"e-gallery-item elementor-gallery-item elementor-animated-content\" href=\"https:\/\/vydaocean.com\/wp-content\/uploads\/2025\/06\/Vyda18.webp\" data-elementor-open-lightbox=\"yes\" data-elementor-lightbox-slideshow=\"8060608\" data-elementor-lightbox-title=\"Vyda18\" data-e-action-hash=\"#elementor-action%3Aaction%3Dlightbox%26settings%3DeyJpZCI6Mjc0MCwidXJsIjoiaHR0cHM6XC9cL3Z5ZGFvY2Vhbi5jb21cL3dwLWNvbnRlbnRcL3VwbG9hZHNcLzIwMjVcLzA2XC9WeWRhMTgud2VicCIsInNsaWRlc2hvdyI6IjgwNjA2MDgifQ%3D%3D\">\n\t\t\t\t\t<div class=\"e-gallery-image elementor-gallery-item__image\" data-thumbnail=\"https:\/\/vydaocean.com\/wp-content\/uploads\/2025\/06\/Vyda18-1024x576.jpg\" data-width=\"800\" data-height=\"450\" aria-label=\"\" role=\"img\" ><\/div>\n\t\t\t\t\t\t\t\t\t\t\t<div class=\"elementor-gallery-item__overlay\"><\/div>\n\t\t\t\t\t\t\t\t\t\t\t\t\t\t<\/a>\n\t\t\t\t\t\t\t<a class=\"e-gallery-item elementor-gallery-item elementor-animated-content\" href=\"https:\/\/vydaocean.com\/wp-content\/uploads\/2025\/06\/Vyda19.webp\" data-elementor-open-lightbox=\"yes\" data-elementor-lightbox-slideshow=\"8060608\" data-elementor-lightbox-title=\"Vyda19\" data-e-action-hash=\"#elementor-action%3Aaction%3Dlightbox%26settings%3DeyJpZCI6Mjc0MywidXJsIjoiaHR0cHM6XC9cL3Z5ZGFvY2Vhbi5jb21cL3dwLWNvbnRlbnRcL3VwbG9hZHNcLzIwMjVcLzA2XC9WeWRhMTkud2VicCIsInNsaWRlc2hvdyI6IjgwNjA2MDgifQ%3D%3D\">\n\t\t\t\t\t<div class=\"e-gallery-image elementor-gallery-item__image\" data-thumbnail=\"https:\/\/vydaocean.com\/wp-content\/uploads\/2025\/06\/Vyda19-1024x576.jpg\" data-width=\"800\" data-height=\"450\" aria-label=\"\" role=\"img\" ><\/div>\n\t\t\t\t\t\t\t\t\t\t\t<div class=\"elementor-gallery-item__overlay\"><\/div>\n\t\t\t\t\t\t\t\t\t\t\t\t\t\t<\/a>\n\t\t\t\t\t<\/div>\n\t\t\t\t\t<\/div>\n\t\t\t\t<\/div>\n\t\t\t\t<\/div>\n\t\t<div class=\"elementor-element elementor-element-a48d115 e-flex e-con-boxed e-con e-parent\" data-id=\"a48d115\" data-element_type=\"container\" data-e-type=\"container\">\n\t\t\t\t\t<div class=\"e-con-inner\">\n\t\t\t\t<div class=\"elementor-element elementor-element-29e080a elementor-widget elementor-widget-text-editor\" data-id=\"29e080a\" data-element_type=\"widget\" data-e-type=\"widget\" data-widget_type=\"text-editor.default\">\n\t\t\t\t<div class=\"elementor-widget-container\">\n\t\t\t\t\t\t\t\t\t<h3>Obra de pavimentaci\u00f3n en ejecuci\u00f3n<\/h3>\t\t\t\t\t\t\t\t<\/div>\n\t\t\t\t<\/div>\n\t\t\t\t\t<\/div>\n\t\t\t\t<\/div>\n\t\t<div class=\"elementor-element elementor-element-25e5355 e-con-full e-flex e-con e-parent\" data-id=\"25e5355\" data-element_type=\"container\" data-e-type=\"container\">\n\t\t<div class=\"elementor-element elementor-element-96e3582 e-con-full e-flex e-con e-child\" data-id=\"96e3582\" data-element_type=\"container\" data-e-type=\"container\">\n\t\t<div class=\"elementor-element elementor-element-1979f75 e-con-full e-flex e-con e-child\" data-id=\"1979f75\" data-element_type=\"container\" data-e-type=\"container\">\n\t\t\t\t<div class=\"elementor-element elementor-element-b4a4927 elementor-widget elementor-widget-image\" data-id=\"b4a4927\" data-element_type=\"widget\" data-e-type=\"widget\" data-widget_type=\"image.default\">\n\t\t\t\t<div class=\"elementor-widget-container\">\n\t\t\t\t\t\t\t\t\t\t\t\t\t\t\t<img fetchpriority=\"high\" decoding=\"async\" width=\"2560\" height=\"1920\" src=\"https:\/\/vydaocean.com\/wp-content\/uploads\/2025\/11\/Armacao-scaled-1.jpg\" class=\"attachment-full size-full wp-image-3550\" alt=\"\" srcset=\"https:\/\/vydaocean.com\/wp-content\/uploads\/2025\/11\/Armacao-scaled-1.jpg 2560w, https:\/\/vydaocean.com\/wp-content\/uploads\/2025\/11\/Armacao-scaled-1-300x225.jpg 300w, https:\/\/vydaocean.com\/wp-content\/uploads\/2025\/11\/Armacao-scaled-1-1024x768.jpg 1024w, https:\/\/vydaocean.com\/wp-content\/uploads\/2025\/11\/Armacao-scaled-1-768x576.jpg 768w, https:\/\/vydaocean.com\/wp-content\/uploads\/2025\/11\/Armacao-scaled-1-1536x1152.jpg 1536w, https:\/\/vydaocean.com\/wp-content\/uploads\/2025\/11\/Armacao-scaled-1-2048x1536.jpg 2048w\" sizes=\"(max-width: 2560px) 100vw, 2560px\" \/>\t\t\t\t\t\t\t\t\t\t\t\t\t\t\t<\/div>\n\t\t\t\t<\/div>\n\t\t\t\t<\/div>\n\t\t\t\t<\/div>\n\t\t\t\t<\/div>\n\t\t\t\t<\/div>\n\t\t","protected":false},"excerpt":{"rendered":"<p>https:\/\/vydaocean.com\/wp-content\/uploads\/2026\/03\/Vyda-2026-03-12.mp4 Vyda Ocean Centrum Arma\u00e7\u00e3o de P\u00eara M\u00e1s informaci\u00f3nVyda Ocean Centrum III 30 pisos | 7 plantas M\u00e1s informaci\u00f3nVyda Ocean Centrum IV 39 pisos | 7 plantas M\u00e1s informaci\u00f3nVyda Ocean Centrum Cerca de la playa y del centro de la ciudad M\u00e1s informaci\u00f3n Promoci\u00f3n inmobiliaria en Arma\u00e7\u00e3o de Pera con una ubicaci\u00f3n privilegiada, cerca de [&hellip;]<\/p>\n","protected":false},"author":2,"featured_media":0,"parent":0,"menu_order":0,"comment_status":"closed","ping_status":"closed","template":"elementor_header_footer","meta":{"footnotes":""},"class_list":["post-454","page","type-page","status-publish","hentry"],"_links":{"self":[{"href":"https:\/\/vydaocean.com\/es\/wp-json\/wp\/v2\/pages\/454","targetHints":{"allow":["GET"]}}],"collection":[{"href":"https:\/\/vydaocean.com\/es\/wp-json\/wp\/v2\/pages"}],"about":[{"href":"https:\/\/vydaocean.com\/es\/wp-json\/wp\/v2\/types\/page"}],"author":[{"embeddable":true,"href":"https:\/\/vydaocean.com\/es\/wp-json\/wp\/v2\/users\/2"}],"replies":[{"embeddable":true,"href":"https:\/\/vydaocean.com\/es\/wp-json\/wp\/v2\/comments?post=454"}],"version-history":[{"count":25,"href":"https:\/\/vydaocean.com\/es\/wp-json\/wp\/v2\/pages\/454\/revisions"}],"predecessor-version":[{"id":4380,"href":"https:\/\/vydaocean.com\/es\/wp-json\/wp\/v2\/pages\/454\/revisions\/4380"}],"wp:attachment":[{"href":"https:\/\/vydaocean.com\/es\/wp-json\/wp\/v2\/media?parent=454"}],"curies":[{"name":"wp","href":"https:\/\/api.w.org\/{rel}","templated":true}]}}